{"id":202,"date":"2023-02-28T17:00:57","date_gmt":"2023-02-28T16:00:57","guid":{"rendered":"https:\/\/borgodelnespolo.com\/dove-siamo\/"},"modified":"2023-03-28T10:08:33","modified_gmt":"2023-03-28T08:08:33","slug":"dove-siamo","status":"publish","type":"page","link":"https:\/\/borgodelnespolo.com\/de\/dove-siamo\/","title":{"rendered":"Anreise"},"content":{"rendered":"\n\n<style type=\"text\/css\" data-created_by=\"avia_inline_auto\" id=\"style-css-av-leoy5xmo-bdc69379f492a7b05549f39378751e49\">\n#top .hr.hr-invisible.av-leoy5xmo-bdc69379f492a7b05549f39378751e49{\nheight:50px;\n}\n<\/style>\n<div  class='hr av-leoy5xmo-bdc69379f492a7b05549f39378751e49 hr-invisible  avia-builder-el-1  el_after_av_codeblock  el_before_av_one_half '><span class='hr-inner '><span class=\"hr-inner-style\"><\/span><\/span><\/div>\n<div  class='flex_column av-3lvjj5-cd7d355e631bd2aec54aca7de0e94c66 av_one_half  avia-builder-el-2  el_after_av_hr  el_before_av_one_half  first flex_column_div  '     ><form action=\"https:\/\/borgodelnespolo.com\/de\/dove-siamo\/\" method=\"post\" data-fields-with-error=\"Fehler wurden in folgenden Feld(ern) gefunden:\" class=\"avia_ajax_form av-form-labels-visible   avia-builder-el-3  avia-builder-el-no-sibling   \" data-avia-form-id=\"1\" data-avia-redirect='' ><h3 class=''>Kontaktieren Sie uns<\/h3><fieldset><p class='  first_form  form_element form_fullwidth' id='element_avia_1_1'><label for=\"avia_1_1\">Name <abbr class=\"required\" title=\"ben\u00f6tigt\">*<\/abbr><\/label> <input name=\"avia_1_1\" class=\"text_input is_empty\" type=\"text\" id=\"avia_1_1\" value=\"\" \/><\/p><p class='  first_form  form_element form_fullwidth' id='element_avia_2_1'><label for=\"avia_2_1\">Addresse <abbr class=\"required\" title=\"ben\u00f6tigt\">*<\/abbr><\/label> <input name=\"avia_2_1\" class=\"text_input is_empty\" type=\"text\" id=\"avia_2_1\" value=\"\" \/><\/p><p class='  first_form  form_element form_fullwidth' id='element_avia_3_1'><label for=\"avia_3_1\">PLZ\/Ort <abbr class=\"required\" title=\"ben\u00f6tigt\">*<\/abbr><\/label> <input name=\"avia_3_1\" class=\"text_input is_empty\" type=\"text\" id=\"avia_3_1\" value=\"\" \/><\/p><p class='  first_form  form_element form_fullwidth' id='element_avia_4_1'><label for=\"avia_4_1\">Telefon <abbr class=\"required\" title=\"ben\u00f6tigt\">*<\/abbr><\/label> <input name=\"avia_4_1\" class=\"text_input is_empty\" type=\"text\" id=\"avia_4_1\" value=\"\" \/><\/p><p class='  first_form  form_element form_fullwidth' id='element_avia_5_1'><label for=\"avia_5_1\">E-Mail <abbr class=\"required\" title=\"ben\u00f6tigt\">*<\/abbr><\/label> <input name=\"avia_5_1\" class=\"text_input is_email\" type=\"text\" id=\"avia_5_1\" value=\"\" \/><\/p><p class='  first_form  form_element form_fullwidth' id='element_avia_6_1'><label for=\"avia_6_1\" class=\"textare_label hidden textare_label_avia_6_1\">Nachricht <abbr class=\"required\" title=\"ben\u00f6tigt\">*<\/abbr><\/label><textarea  name=\"avia_6_1\" class=\"text_area is_empty\" cols=\"40\" rows=\"7\" id=\"avia_6_1\" ><\/textarea><\/p><p class='  first_form  form_element form_fullwidth av-last-visible-form-element' id='element_avia_7_1'><input checked=\"checked\" name=\"avia_7_1\" class=\"input_checkbox \" type=\"checkbox\" id=\"avia_7_1\" value=\"true\"\/><label class=\"input_checkbox_label\" for=\"avia_7_1\">Autorizzo il trattamento dei dati ai sensi degli articoli 6 e 13 del REGOLAMENTO UE 679\/2016 (GDPR). Dichiaro di aver letto informativa sulla privacy<\/label><\/p><p class=\"hidden\"><input type=\"text\" name=\"avia_8_1\" class=\"hidden \" id=\"avia_8_1\" value=\"\" \/><\/p><p class=\"form_element \"><input type=\"hidden\" value=\"1\" name=\"avia_generated_form1\" \/><input type=\"submit\" value=\"INVIA\" class=\"button\"  data-sending-label=\"Sende\"\/><\/p><\/fieldset><\/form><div id=\"ajaxresponse_1\" class=\"ajaxresponse ajaxresponse_1 hidden\"><\/div><\/div><div  class='flex_column av-3excl5-4ef9d75b3c9b3f38652919d30369c43a av_one_half  avia-builder-el-4  el_after_av_one_half  el_before_av_section  avia-builder-el-last  flex_column_div  '     ><p>\n<style type=\"text\/css\" data-created_by=\"avia_inline_auto\" id=\"style-css-av-3a16rl-335509e4840ca23457b19d7cc4c836ca\">\n#top .av-special-heading.av-3a16rl-335509e4840ca23457b19d7cc4c836ca{\npadding-bottom:10px;\n}\nbody .av-special-heading.av-3a16rl-335509e4840ca23457b19d7cc4c836ca .av-special-heading-tag .heading-char{\nfont-size:25px;\n}\n.av-special-heading.av-3a16rl-335509e4840ca23457b19d7cc4c836ca .av-subheading{\nfont-size:15px;\n}\n<\/style>\n<div  class='av-special-heading av-3a16rl-335509e4840ca23457b19d7cc4c836ca av-special-heading-h2 blockquote modern-quote modern-centered  avia-builder-el-5  el_before_av_hr  avia-builder-el-first '><h2 class='av-special-heading-tag '  itemprop=\"headline\"  >Location Borgo del Nespolo<\/h2><div class=\"special-heading-border\"><div class=\"special-heading-inner-border\"><\/div><\/div><\/div><br \/>\n\n<style type=\"text\/css\" data-created_by=\"avia_inline_auto\" id=\"style-css-av-31alx5-e79e76075bc59142328c8de9e5310fea\">\n#top .hr.av-31alx5-e79e76075bc59142328c8de9e5310fea{\nmargin-top:5px;\nmargin-bottom:30px;\n}\n.hr.av-31alx5-e79e76075bc59142328c8de9e5310fea .hr-inner{\nwidth:80px;\nborder-color:#d7b56a;\n}\n<\/style>\n<div  class='hr av-31alx5-e79e76075bc59142328c8de9e5310fea hr-custom  avia-builder-el-6  el_after_av_heading  el_before_av_textblock  hr-center hr-icon-no'><span class='hr-inner inner-border-av-border-fat'><span class=\"hr-inner-style\"><\/span><\/span><\/div><br \/>\n<section  class='av_textblock_section av-leofpnd3-8d2d5e680a3218543bb065db83ece7df '   itemscope=\"itemscope\" itemtype=\"https:\/\/schema.org\/CreativeWork\" ><div class='avia_textblock'  itemprop=\"text\" ><p><strong>Mit dem Auto<\/strong><br \/>\nAutobahn A14, Ausfahrt Poggio Imperiale, Richtung Vico del Gargano, und weiter auf der Staatsstra\u00dfe SS 89 Richtung Peschici. Einmal in Peschici angekommen, folgen Sie der Beschilderung der Staatsstra\u00dfe SS 89 nach Vieste, nach der Carusel\u2013Tankstelle fahren sie 500 m weiter und biegen dann links ab zum B &amp; B.<\/p>\n<p><strong>Mit dem Flugzeug<\/strong><br \/>\nDer n\u00e4chstgelegene Flughafen ist Foggia, der 100 km von Peschici entfernt ist. Die Luftlinie MyAir fliegt t\u00e4glich von Mailand, Rom, Turin und Palermo . Weitere Flugh\u00e4fen: Bari-Palese (aus M\u00fcnchen kommend \/ www.tuifly.com ) und Pescara, die etwa 200 km von Peschici entfernt sind. Von den Flugh\u00e4fen k\u00f6nnen Sie ein Auto mieten (sehr empfohlen) oder Peschici mit dem Zug oder Bus, erreichen.<\/p>\n<\/div><\/section><\/p><\/div><\/p>\n<\/div><\/div><\/div><!-- close content main div --><\/div><\/div><div id='av_section_1'  class='avia-section av-abt49-dde8286a88e117d443446bdcf7b75b63 main_color avia-section-default avia-no-border-styling  avia-builder-el-8  el_after_av_one_half  avia-builder-el-last  avia-bg-style-scroll container_wrap fullsize'  ><div class='container av-section-cont-open' ><div class='template-page content  av-content-full alpha units'><div class='post-entry post-entry-type-page post-entry-202'><div class='entry-content-wrapper clearfix'>\n","protected":false},"excerpt":{"rendered":"","protected":false},"author":1,"featured_media":0,"parent":0,"menu_order":0,"comment_status":"closed","ping_status":"closed","template":"","meta":{"footnotes":""},"class_list":["post-202","page","type-page","status-publish","hentry"],"_links":{"self":[{"href":"https:\/\/borgodelnespolo.com\/de\/wp-json\/wp\/v2\/pages\/202","targetHints":{"allow":["GET"]}}],"collection":[{"href":"https:\/\/borgodelnespolo.com\/de\/wp-json\/wp\/v2\/pages"}],"about":[{"href":"https:\/\/borgodelnespolo.com\/de\/wp-json\/wp\/v2\/types\/page"}],"author":[{"embeddable":true,"href":"https:\/\/borgodelnespolo.com\/de\/wp-json\/wp\/v2\/users\/1"}],"replies":[{"embeddable":true,"href":"https:\/\/borgodelnespolo.com\/de\/wp-json\/wp\/v2\/comments?post=202"}],"version-history":[{"count":4,"href":"https:\/\/borgodelnespolo.com\/de\/wp-json\/wp\/v2\/pages\/202\/revisions"}],"predecessor-version":[{"id":434,"href":"https:\/\/borgodelnespolo.com\/de\/wp-json\/wp\/v2\/pages\/202\/revisions\/434"}],"wp:attachment":[{"href":"https:\/\/borgodelnespolo.com\/de\/wp-json\/wp\/v2\/media?parent=202"}],"curies":[{"name":"wp","href":"https:\/\/api.w.org\/{rel}","templated":true}]}}