{"id":193,"date":"2023-02-28T07:30:11","date_gmt":"2023-02-28T06:30:11","guid":{"rendered":"https:\/\/borgodelnespolo.com\/peschici-e-dintorni\/"},"modified":"2023-03-13T01:12:12","modified_gmt":"2023-03-13T00:12:12","slug":"peschici-e-dintorni","status":"publish","type":"page","link":"https:\/\/borgodelnespolo.com\/de\/peschici-e-dintorni\/","title":{"rendered":"Peschici &#038; Umgebung"},"content":{"rendered":"<div id='av_section_1'  class='avia-section av-lenxlmct-83750af27d11fa7f29f43844b28a7c49 main_color avia-section-no-padding avia-no-border-styling  avia-builder-el-0  el_before_av_heading  avia-builder-el-first  avia-bg-style-scroll container_wrap fullsize'  ><div class='container av-section-cont-open' ><main  role=\"main\" itemprop=\"mainContentOfPage\"  class='template-page content  av-content-full alpha units'><div class='post-entry post-entry-type-page post-entry-193'><div class='entry-content-wrapper clearfix'>\n\n<\/div><\/div><\/main><!-- close content main element --><\/div><\/div><div id='after_section_1'  class='main_color av_default_container_wrap container_wrap fullsize'  ><div class='container av-section-cont-open' ><div class='template-page content  av-content-full alpha units'><div class='post-entry post-entry-type-page post-entry-193'><div class='entry-content-wrapper clearfix'>\n\n<style type=\"text\/css\" data-created_by=\"avia_inline_auto\" id=\"style-css-av-4hgq3-8bdc4fc3551e52624904b167aa358576\">\n#top .av-special-heading.av-4hgq3-8bdc4fc3551e52624904b167aa358576{\npadding-bottom:10px;\n}\nbody .av-special-heading.av-4hgq3-8bdc4fc3551e52624904b167aa358576 .av-special-heading-tag .heading-char{\nfont-size:25px;\n}\n.av-special-heading.av-4hgq3-8bdc4fc3551e52624904b167aa358576 .av-subheading{\nfont-size:15px;\n}\n<\/style>\n<div  class='av-special-heading av-4hgq3-8bdc4fc3551e52624904b167aa358576 av-special-heading-h2 blockquote modern-quote modern-centered  avia-builder-el-2  el_after_av_section  el_before_av_hr  avia-builder-el-first '><h2 class='av-special-heading-tag '  itemprop=\"headline\"  >Peschici <span class='special_amp'>&amp;<\/span> Umgebung<\/h2><div class=\"special-heading-border\"><div class=\"special-heading-inner-border\"><\/div><\/div><\/div>\n\n<style type=\"text\/css\" data-created_by=\"avia_inline_auto\" id=\"style-css-av-3u8m3-9a82b742e4406957a562d310a0a8d50b\">\n#top .hr.av-3u8m3-9a82b742e4406957a562d310a0a8d50b{\nmargin-top:5px;\nmargin-bottom:30px;\n}\n.hr.av-3u8m3-9a82b742e4406957a562d310a0a8d50b .hr-inner{\nwidth:80px;\nborder-color:#d7b56a;\n}\n<\/style>\n<div  class='hr av-3u8m3-9a82b742e4406957a562d310a0a8d50b hr-custom  avia-builder-el-3  el_after_av_heading  el_before_av_one_half  hr-center hr-icon-no'><span class='hr-inner inner-border-av-border-fat'><span class=\"hr-inner-style\"><\/span><\/span><\/div>\n<div  class='flex_column av-3jk4f-9e5cf8e1927ddc4eefa42a0c41b201c8 av_one_half  avia-builder-el-4  el_after_av_hr  el_before_av_one_half  first flex_column_div  '     ><section  class='av_textblock_section av-lenv7wk1-aac3416cf655230e519523a4eb727ae0 '   itemscope=\"itemscope\" itemtype=\"https:\/\/schema.org\/CreativeWork\" ><div class='avia_textblock'  itemprop=\"text\" ><div class=\"row mb40\">\n<div class=\"col-md-6\">\n<p>Das B &amp; B &#8222;Borgo del Nespolo&#8220; liegt im Herzen des Nationalparks &#8222;Gargano&#8220; in der N\u00e4he von Peschici. Ein idealer Ausgangspunkt um die Gegend des Gargano mit seinen kulturellen Highlights zu besichtigen.<\/p>\n<p>Wenige Meter von der B &amp; B entfernt liegt die Abtei von Calena , eine Kirche aus dem 9. Jahrhundert, die unter Denkmalschutz steht. Gleich daneben liegt Peschici mit seiner historischen Altstadt, den typischen gew\u00f6lbten<\/p>\n<p>D\u00e4chern und direktem Blick auf das Meer.<\/p>\n<p>In den kleinen Gassen im arabischen Stil, die sich ineinander verweben, k\u00f6nnen Sie in den Gesch\u00e4ften nach regionalen Produkten st\u00f6bern.<\/p>\n<\/div>\n<\/div>\n<\/div><\/section><\/div><div  class='flex_column av-2m94j-85a858b2a1ff3d58fb2491f39ba88b9d av_one_half  avia-builder-el-6  el_after_av_one_half  el_before_av_section  avia-builder-el-last  flex_column_div  '     ><section  class='av_textblock_section av-lenv81o7-5e1033b8cce4a241c8506027e7bbe8e2 '   itemscope=\"itemscope\" itemtype=\"https:\/\/schema.org\/CreativeWork\" ><div class='avia_textblock'  itemprop=\"text\" ><div class=\"col-md-6\">\n<p>Der nahe Strand bietet eine sehr gute Infrastruktur, die nahen Buchten ruhige Erholungsm\u00f6glichkeiten.<\/p>\n<p>Das B &amp; B ist ein idealer Ausgangspunkt den Gargano mit seinen wundervollen und einzigartigen Natursch\u00f6nheiten zu besichtigen, wie zum Beispiel die Inseln Tremiti mit seinem kristallklaren Meer, die Meeresh\u00f6hlen, den Foresta Umbra \u2013 seine Orchideen sind einzigartig in der Welt.<\/p>\n<p>Monte Sant&#8217;Angelo mit seiner Altstadt und der Kirche von San Michele, ein Wallfahrtsort seit den Kreuzz\u00fcgen und schlie\u00dflich San Giovanni Rotondo, die Heimat von Pater Pio von Pietralcina.<\/p>\n<\/div>\n<\/div><\/section><\/div><\/div><\/div><\/div><!-- close content main div --><\/div><\/div><div id='av_section_2'  class='avia-section av-1zgiv-b577ed5d6d8995d1533edb9cdc1666ab main_color avia-section-default avia-no-border-styling  avia-builder-el-8  el_after_av_one_half  avia-builder-el-last  avia-bg-style-scroll container_wrap fullsize'  ><div class='container av-section-cont-open' ><div class='template-page content  av-content-full alpha units'><div class='post-entry post-entry-type-page post-entry-193'><div class='entry-content-wrapper clearfix'>\n\n<style type=\"text\/css\" data-created_by=\"avia_inline_auto\" id=\"style-css-av-lenv75ro-86de9f65dd76332bd136a6a3e154976b\">\n#top .av-special-heading.av-lenv75ro-86de9f65dd76332bd136a6a3e154976b{\npadding-bottom:10px;\ncolor:#ffffff;\n}\nbody .av-special-heading.av-lenv75ro-86de9f65dd76332bd136a6a3e154976b .av-special-heading-tag .heading-char{\nfont-size:25px;\n}\n.av-special-heading.av-lenv75ro-86de9f65dd76332bd136a6a3e154976b .special-heading-inner-border{\nborder-color:#ffffff;\n}\n.av-special-heading.av-lenv75ro-86de9f65dd76332bd136a6a3e154976b .av-subheading{\nfont-size:15px;\n}\n<\/style>\n<div  class='av-special-heading av-lenv75ro-86de9f65dd76332bd136a6a3e154976b av-special-heading-h2 custom-color-heading blockquote modern-quote modern-centered  avia-builder-el-9  el_before_av_hr  avia-builder-el-first '><h2 class='av-special-heading-tag '  itemprop=\"headline\"  >Peschici, Life is Beautiful<\/h2><div class='av_custom_color av-subheading av-subheading_below'><p>Visita la nostra pagina su facebook per scoprire tutte le meraviglie di Peschici e dintorni<\/p>\n<\/div><div class=\"special-heading-border\"><div class=\"special-heading-inner-border\"><\/div><\/div><\/div>\n\n<style type=\"text\/css\" data-created_by=\"avia_inline_auto\" id=\"style-css-av-1kp73-f38fc2252ce3453ade5791ce3aae73ad\">\n#top .hr.av-1kp73-f38fc2252ce3453ade5791ce3aae73ad{\nmargin-top:5px;\nmargin-bottom:30px;\n}\n.hr.av-1kp73-f38fc2252ce3453ade5791ce3aae73ad .hr-inner{\nwidth:80px;\nborder-color:#d7b56a;\n}\n<\/style>\n<div  class='hr av-1kp73-f38fc2252ce3453ade5791ce3aae73ad hr-custom  avia-builder-el-10  el_after_av_heading  el_before_av_button  hr-center hr-icon-no'><span class='hr-inner inner-border-av-border-fat'><span class=\"hr-inner-style\"><\/span><\/span><\/div>\n<div  class='avia-button-wrap av-srn3-4bc8f363bed7104d3a6c31e6031401c3-wrap avia-button-center  avia-builder-el-11  el_after_av_hr  avia-builder-el-last '>\n<style type=\"text\/css\" data-created_by=\"avia_inline_auto\" id=\"style-css-av-srn3-4bc8f363bed7104d3a6c31e6031401c3\">\n#top #wrap_all .avia-button.av-srn3-4bc8f363bed7104d3a6c31e6031401c3:hover{\ncolor:white;\ntransition:all 0.4s ease-in-out;\n}\n<\/style>\n<a href='https:\/\/www.facebook.com\/peschicilifeisbeautiful\/'  class='avia-button av-srn3-4bc8f363bed7104d3a6c31e6031401c3 av-link-btn avia-icon_select-no avia-size-large avia-position-center avia-color-light avia-font-color-theme-color'   aria-label=\"Visita\"><span class='avia_iconbox_title' >Visita<\/span><span class='avia_button_background avia-button avia-color-theme-color-highlight' ><\/span><\/a><\/div>\n<\/p>\n","protected":false},"excerpt":{"rendered":"","protected":false},"author":1,"featured_media":0,"parent":0,"menu_order":0,"comment_status":"closed","ping_status":"closed","template":"","meta":{"footnotes":""},"class_list":["post-193","page","type-page","status-publish","hentry"],"_links":{"self":[{"href":"https:\/\/borgodelnespolo.com\/de\/wp-json\/wp\/v2\/pages\/193","targetHints":{"allow":["GET"]}}],"collection":[{"href":"https:\/\/borgodelnespolo.com\/de\/wp-json\/wp\/v2\/pages"}],"about":[{"href":"https:\/\/borgodelnespolo.com\/de\/wp-json\/wp\/v2\/types\/page"}],"author":[{"embeddable":true,"href":"https:\/\/borgodelnespolo.com\/de\/wp-json\/wp\/v2\/users\/1"}],"replies":[{"embeddable":true,"href":"https:\/\/borgodelnespolo.com\/de\/wp-json\/wp\/v2\/comments?post=193"}],"version-history":[{"count":2,"href":"https:\/\/borgodelnespolo.com\/de\/wp-json\/wp\/v2\/pages\/193\/revisions"}],"predecessor-version":[{"id":261,"href":"https:\/\/borgodelnespolo.com\/de\/wp-json\/wp\/v2\/pages\/193\/revisions\/261"}],"wp:attachment":[{"href":"https:\/\/borgodelnespolo.com\/de\/wp-json\/wp\/v2\/media?parent=193"}],"curies":[{"name":"wp","href":"https:\/\/api.w.org\/{rel}","templated":true}]}}