{"id":183,"date":"2023-02-22T02:29:51","date_gmt":"2023-02-22T01:29:51","guid":{"rendered":"https:\/\/borgodelnespolo.com\/camere-e-prezzi\/"},"modified":"2026-02-13T20:08:37","modified_gmt":"2026-02-13T19:08:37","slug":"camere-e-prezzi","status":"publish","type":"page","link":"https:\/\/borgodelnespolo.com\/de\/camere-e-prezzi\/","title":{"rendered":"Zimmer &#038; Preise"},"content":{"rendered":"\n\n<style type=\"text\/css\" data-created_by=\"avia_inline_auto\" id=\"style-css-av-leezx3ry-02b8e35234c592194f3a3087ef1ebb8a\">\n#top .av-special-heading.av-leezx3ry-02b8e35234c592194f3a3087ef1ebb8a{\npadding-bottom:10px;\n}\nbody .av-special-heading.av-leezx3ry-02b8e35234c592194f3a3087ef1ebb8a .av-special-heading-tag .heading-char{\nfont-size:25px;\n}\n.av-special-heading.av-leezx3ry-02b8e35234c592194f3a3087ef1ebb8a .av-subheading{\nfont-size:15px;\n}\n<\/style>\n<div  class='av-special-heading av-leezx3ry-02b8e35234c592194f3a3087ef1ebb8a av-special-heading-h2 blockquote modern-quote modern-centered  avia-builder-el-1  el_after_av_codeblock  el_before_av_hr '><h2 class='av-special-heading-tag '  itemprop=\"headline\"  >Zimmer <span class='special_amp'>&amp;<\/span> Preise<\/h2><div class=\"special-heading-border\"><div class=\"special-heading-inner-border\"><\/div><\/div><\/div>\n\n<style type=\"text\/css\" data-created_by=\"avia_inline_auto\" id=\"style-css-av-2pjbi-7cb36fc2aa11f2285238c6b61ba985ee\">\n#top .hr.av-2pjbi-7cb36fc2aa11f2285238c6b61ba985ee{\nmargin-top:5px;\nmargin-bottom:30px;\n}\n.hr.av-2pjbi-7cb36fc2aa11f2285238c6b61ba985ee .hr-inner{\nwidth:80px;\nborder-color:#d7b56a;\n}\n<\/style>\n<div  class='hr av-2pjbi-7cb36fc2aa11f2285238c6b61ba985ee hr-custom  avia-builder-el-2  el_after_av_heading  el_before_av_textblock  hr-center hr-icon-no'><span class='hr-inner inner-border-av-border-fat'><span class=\"hr-inner-style\"><\/span><\/span><\/div>\n<section  class='av_textblock_section av-leezxy7a-a13758662573a17ebfe7aa983533e5ae '   itemscope=\"itemscope\" itemtype=\"https:\/\/schema.org\/CreativeWork\" ><div class='avia_textblock'  itemprop=\"text\" ><div class=\"col-md-12\">\n<div class=\"row\">\n<p>.<\/p>\n<\/div>\n<\/div>\n<\/div><\/section>\n\n<style type=\"text\/css\" data-created_by=\"avia_inline_auto\" id=\"style-css-av-leezy3kf-c70208776f0bde85b05d5654a50e251e\">\n#top .av-special-heading.av-leezy3kf-c70208776f0bde85b05d5654a50e251e{\npadding-bottom:10px;\n}\nbody .av-special-heading.av-leezy3kf-c70208776f0bde85b05d5654a50e251e .av-special-heading-tag .heading-char{\nfont-size:25px;\n}\n.av-special-heading.av-leezy3kf-c70208776f0bde85b05d5654a50e251e .av-subheading{\nfont-size:15px;\n}\n<\/style>\n<div  class='av-special-heading av-leezy3kf-c70208776f0bde85b05d5654a50e251e av-special-heading-h2 blockquote modern-quote modern-centered  avia-builder-el-4  el_after_av_textblock  el_before_av_hr '><h2 class='av-special-heading-tag '  itemprop=\"headline\"  >Preisliste 2026<\/h2><div class=\"special-heading-border\"><div class=\"special-heading-inner-border\"><\/div><\/div><\/div>\n\n<style type=\"text\/css\" data-created_by=\"avia_inline_auto\" id=\"style-css-av-2ayh2-038c0f1097167c9cef3ba43d3c50772b\">\n#top .hr.av-2ayh2-038c0f1097167c9cef3ba43d3c50772b{\nmargin-top:5px;\nmargin-bottom:30px;\n}\n.hr.av-2ayh2-038c0f1097167c9cef3ba43d3c50772b .hr-inner{\nwidth:80px;\nborder-color:#d7b56a;\n}\n<\/style>\n<div  class='hr av-2ayh2-038c0f1097167c9cef3ba43d3c50772b hr-custom  avia-builder-el-5  el_after_av_heading  el_before_av_one_half  hr-center hr-icon-no'><span class='hr-inner inner-border-av-border-fat'><span class=\"hr-inner-style\"><\/span><\/span><\/div>\n<div  class='flex_column av-1mdoa-bde8f2fcdd248c91fc02327bf5c4dce8 av_one_half  avia-builder-el-6  el_after_av_hr  el_before_av_one_half  first flex_column_div  '     ><section  class='av_textblock_section av-leezzmz8-58810ac21d445526aa2f39344cae3a41 '   itemscope=\"itemscope\" itemtype=\"https:\/\/schema.org\/CreativeWork\" ><div class='avia_textblock'  itemprop=\"text\" ><table border=\"0\" cellspacing=\"0\" cellpadding=\"0\">\n<tbody>\n<tr>\n<td><\/td>\n<td>Standard<\/td>\n<td>Superior<\/td>\n<td>Junior Suite<\/td>\n<\/tr>\n<tr>\n<td>April 14<br \/>\nJune 30<\/td>\n<td>\u20ac 160<\/td>\n<td>\u20ac 180<\/td>\n<td>\u20ac 190<\/td>\n<\/tr>\n<tr>\n<td>July 1<br \/>\nJuly 31<\/td>\n<td>\u20ac 180<\/td>\n<td>\u20ac 195<\/td>\n<td>\u20ac 220<\/td>\n<\/tr>\n<tr>\n<td>August 1<br \/>\nAugust 31<\/td>\n<td>\u20ac 205<\/td>\n<td>\u20ac 215<\/td>\n<td>\u20ac 245<\/td>\n<\/tr>\n<tr>\n<td>September 1<br \/>\nOctober 15<\/td>\n<td>\u20ac 165<\/td>\n<td>\u20ac 180<\/td>\n<td>\u00a0\u20ac 220<\/td>\n<\/tr>\n<\/tbody>\n<\/table>\n<\/div><\/section><\/div><div  class='flex_column av-11liy-994d068bd3f579c004cc18b4b5067c6f av_one_half  avia-builder-el-8  el_after_av_one_half  avia-builder-el-last  flex_column_div  '     ><section  class='av_textblock_section av-leezyrus-4f853981a8651a412a8fb897de4bf150 '   itemscope=\"itemscope\" itemtype=\"https:\/\/schema.org\/CreativeWork\" ><div class='avia_textblock'  itemprop=\"text\" ><div class=\"col-md-6\">\n<div class=\"col-md-6\">\n<p>Preise f\u00fcr 2 Personen<\/p>\n<p>Erm\u00e4\u00dfigungen<br \/>\nKinder bis 6 Jahre gratis, Mahlzeiten extra. Kinderbett \u20ac 10,00 pro Tag. 6 &#8211; 12 Jahre -50%. Kinder ab 12 Jahren und Erwachsene im Zusatzbett -10%.<\/p>\n<p>Im Preis inbegriffen<br \/>\nDie Preise verstehen sich pro Person und Tag im Doppelzimmer inklusive Fr\u00fchst\u00fcck und Steuern. Bettw\u00e4sche, Handt\u00fccher inklusive.<br \/>\nAnreise ab 12:00 Uhr, Abreise bis 10:00 Uhr.<\/p>\n<p>Ort tax Euro 1,50 pro Tag pro Person<\/p>\n<\/div>\n<\/div>\n<\/div><\/section><\/div><\/p>\n","protected":false},"excerpt":{"rendered":"","protected":false},"author":1,"featured_media":0,"parent":0,"menu_order":0,"comment_status":"closed","ping_status":"closed","template":"","meta":{"footnotes":""},"class_list":["post-183","page","type-page","status-publish","hentry"],"_links":{"self":[{"href":"https:\/\/borgodelnespolo.com\/de\/wp-json\/wp\/v2\/pages\/183","targetHints":{"allow":["GET"]}}],"collection":[{"href":"https:\/\/borgodelnespolo.com\/de\/wp-json\/wp\/v2\/pages"}],"about":[{"href":"https:\/\/borgodelnespolo.com\/de\/wp-json\/wp\/v2\/types\/page"}],"author":[{"embeddable":true,"href":"https:\/\/borgodelnespolo.com\/de\/wp-json\/wp\/v2\/users\/1"}],"replies":[{"embeddable":true,"href":"https:\/\/borgodelnespolo.com\/de\/wp-json\/wp\/v2\/comments?post=183"}],"version-history":[{"count":9,"href":"https:\/\/borgodelnespolo.com\/de\/wp-json\/wp\/v2\/pages\/183\/revisions"}],"predecessor-version":[{"id":590,"href":"https:\/\/borgodelnespolo.com\/de\/wp-json\/wp\/v2\/pages\/183\/revisions\/590"}],"wp:attachment":[{"href":"https:\/\/borgodelnespolo.com\/de\/wp-json\/wp\/v2\/media?parent=183"}],"curies":[{"name":"wp","href":"https:\/\/api.w.org\/{rel}","templated":true}]}}