{"id":174,"date":"2023-02-22T02:27:02","date_gmt":"2023-02-22T01:27:02","guid":{"rendered":"https:\/\/borgodelnespolo.com\/il-borgo\/"},"modified":"2024-04-15T15:53:37","modified_gmt":"2024-04-15T13:53:37","slug":"il-borgo","status":"publish","type":"page","link":"https:\/\/borgodelnespolo.com\/de\/il-borgo\/","title":{"rendered":"Die Anlage"},"content":{"rendered":"<div id='av_section_1'  class='avia-section av-12dj8-673d1ddb050f052113951a75e94b5730 main_color avia-section-no-padding avia-no-border-styling  avia-builder-el-0  el_before_av_heading  avia-builder-el-first  avia-bg-style-scroll container_wrap fullsize'  ><div class='container av-section-cont-open' ><main  role=\"main\" itemprop=\"mainContentOfPage\"  class='template-page content  av-content-full alpha units'><div class='post-entry post-entry-type-page post-entry-174'><div class='entry-content-wrapper clearfix'>\n\n<\/div><\/div><\/main><!-- close content main element --><\/div><\/div><div id='after_section_1'  class='main_color av_default_container_wrap container_wrap fullsize'  ><div class='container av-section-cont-open' ><div class='template-page content  av-content-full alpha units'><div class='post-entry post-entry-type-page post-entry-174'><div class='entry-content-wrapper clearfix'>\n<style type=\"text\/css\" data-created_by=\"avia_inline_auto\" id=\"style-css-av-2y7fk-b422611e5548727bd731ea483ed8d0d1\">\n#top .av-special-heading.av-2y7fk-b422611e5548727bd731ea483ed8d0d1{\npadding-bottom:10px;\n}\nbody .av-special-heading.av-2y7fk-b422611e5548727bd731ea483ed8d0d1 .av-special-heading-tag .heading-char{\nfont-size:25px;\n}\n.av-special-heading.av-2y7fk-b422611e5548727bd731ea483ed8d0d1 .av-subheading{\nfont-size:15px;\n}\n<\/style>\n<div  class='av-special-heading av-2y7fk-b422611e5548727bd731ea483ed8d0d1 av-special-heading-h2 blockquote modern-quote modern-centered  avia-builder-el-2  el_after_av_section  el_before_av_hr  avia-builder-el-first '><h2 class='av-special-heading-tag '  itemprop=\"headline\"  >Die Anlage<\/h2><div class=\"special-heading-border\"><div class=\"special-heading-inner-border\"><\/div><\/div><\/div><\/p>\n\n<style type=\"text\/css\" data-created_by=\"avia_inline_auto\" id=\"style-css-av-trc-8dfd8c686d23f40f87d5eb59b616a3ea\">\n#top .hr.av-trc-8dfd8c686d23f40f87d5eb59b616a3ea{\nmargin-top:5px;\nmargin-bottom:30px;\n}\n.hr.av-trc-8dfd8c686d23f40f87d5eb59b616a3ea .hr-inner{\nwidth:80px;\nborder-color:#d7b56a;\n}\n<\/style>\n<div  class='hr av-trc-8dfd8c686d23f40f87d5eb59b616a3ea hr-custom  avia-builder-el-3  el_after_av_heading  el_before_av_one_half  hr-center hr-icon-no'><span class='hr-inner inner-border-av-border-fat'><span class=\"hr-inner-style\"><\/span><\/span><\/div>\n<div  class='flex_column av-1d644-f9614c13407d004648c257fec692736f av_one_half  avia-builder-el-4  el_after_av_hr  el_before_av_one_half  first flex_column_div  '     ><section  class='av_textblock_section av-leezvv2j-88dc429f45774c8baf85bf4536ee9ec4 '   itemscope=\"itemscope\" itemtype=\"https:\/\/schema.org\/CreativeWork\" ><div class='avia_textblock'  itemprop=\"text\" ><div class=\"row mb40\">\n<div class=\"col-md-6\">\n<div class=\"col-md-6\">\n<div class=\"col-md-6\">\n<p>Das Bed and Breakfast \u201eBorgo del Nespolo\u201c hei\u00dft Sie herzlich Willkommen in Peschici auf dem Gargano.<\/p>\n<p>Das B &amp; B &#8222;Borgo del Nespolo&#8220; ist ein altes Landhaus aus dem 18. Jahrhunderts das komplett renoviert und an die Landschaft und Traditionen des Ortes, angepasst wurde. Unser Familienbetrieb umfasst 6 Doppelzimmer mit Bad\/WC, alle mit eigenem Eingang und im modernen Stil sehr geschmackvoll eingerichtet sind.<\/p>\n<p>Das reichhaltige Fr\u00fchst\u00fcck wird auf der sch\u00f6nen Terrasse mit Blick auf den Pool und die gr\u00fcnen H\u00fcgel des Gargano serviert.<\/p>\n<\/div>\n<\/div>\n<\/div>\n<\/div>\n<\/div><\/section><\/div>\n<div  class='flex_column av-10fjs-43c5c320106ed2017ed275112a82d88f av_one_half  avia-builder-el-6  el_after_av_one_half  avia-builder-el-last  flex_column_div  '     ><section  class='av_textblock_section av-leezw27z-8822d41f7a3c0abc1c5c5fd0384217d6 '   itemscope=\"itemscope\" itemtype=\"https:\/\/schema.org\/CreativeWork\" ><div class='avia_textblock'  itemprop=\"text\" ><div class=\"row mb40\">\n<div class=\"col-md-6\">\n<div class=\"col-md-6\">\n<div class=\"col-md-6\">\n<div class=\"col-md-6\">\n<p>Eingebettet im wundersch\u00f6nen Nationalpark \u201eGargano\u201c inmitten von Olivenb\u00e4umen, Feigenkakteen und Mittelmeer-Macchien liegt die Ferienanlage in h\u00fcgeliger Lage rund 1500 Meter von den Str\u00e4nden und Buchten von Peschici entfernt.<\/p>\n<p>Die Ortschaften Vieste, Vico del Gargano und der Foresta Umbra sind von hier aus leicht und schnell zu erreichen.<\/p>\n<p>Verbringen Sie wundervolle Ferien voller Entspannung inmitten der Natur in unserem Haus. <strong>Kostenlose Services<\/strong>: Schwimmbad, Sonnenliegen, Parkplatz, Mountainbike-Verleih und W-LAN!<\/p>\n<\/div>\n<\/div>\n<\/div>\n<\/div>\n<\/div>\n<\/div><\/section><\/div>\n","protected":false},"excerpt":{"rendered":"","protected":false},"author":1,"featured_media":0,"parent":0,"menu_order":0,"comment_status":"closed","ping_status":"closed","template":"","meta":{"footnotes":""},"class_list":["post-174","page","type-page","status-publish","hentry"],"_links":{"self":[{"href":"https:\/\/borgodelnespolo.com\/de\/wp-json\/wp\/v2\/pages\/174","targetHints":{"allow":["GET"]}}],"collection":[{"href":"https:\/\/borgodelnespolo.com\/de\/wp-json\/wp\/v2\/pages"}],"about":[{"href":"https:\/\/borgodelnespolo.com\/de\/wp-json\/wp\/v2\/types\/page"}],"author":[{"embeddable":true,"href":"https:\/\/borgodelnespolo.com\/de\/wp-json\/wp\/v2\/users\/1"}],"replies":[{"embeddable":true,"href":"https:\/\/borgodelnespolo.com\/de\/wp-json\/wp\/v2\/comments?post=174"}],"version-history":[{"count":4,"href":"https:\/\/borgodelnespolo.com\/de\/wp-json\/wp\/v2\/pages\/174\/revisions"}],"predecessor-version":[{"id":535,"href":"https:\/\/borgodelnespolo.com\/de\/wp-json\/wp\/v2\/pages\/174\/revisions\/535"}],"wp:attachment":[{"href":"https:\/\/borgodelnespolo.com\/de\/wp-json\/wp\/v2\/media?parent=174"}],"curies":[{"name":"wp","href":"https:\/\/api.w.org\/{rel}","templated":true}]}}